{"id":981,"date":"2024-01-08T22:27:38","date_gmt":"2024-01-08T22:27:38","guid":{"rendered":"https:\/\/wirewave.be\/a-propos-de-nous\/"},"modified":"2025-10-25T15:00:33","modified_gmt":"2025-10-25T15:00:33","slug":"a-propos-de-nous","status":"publish","type":"page","link":"https:\/\/wirewave.be\/fr\/a-propos-de-nous\/","title":{"rendered":"A propos de nous"},"content":{"rendered":"\n\n\t<h3>\n\t\t\t\tA propos de nous\n\t\t\t<\/h3>\n\t\t\t<p>La garantie du juste-\u00e0-temps<\/p>\t\n\t<h2>\n\t\t\t\tQui sommes-nous ?\n\t\t\t<\/h2>\n\t\t\t<p>Wirewave est une entreprise dynamique et agile fond\u00e9e en 2016. La direction a plus de 20 ans d&rsquo;exp\u00e9rience dans le secteur des donn\u00e9es et des t\u00e9l\u00e9communications et l&rsquo;entreprise travaille avec une \u00e9quipe de collaborateurs motiv\u00e9s et exp\u00e9riment\u00e9s, garantissant la distribution juste \u00e0 temps de tous vos c\u00e2bles \u00e0 fibre optique. <\/p>\t\n\t<p>Notre ambition n&rsquo;est pas d&rsquo;\u00eatre le plus grand. Mais nous voulons \u00eatre le meilleur partenaire pour tous vos projets. Nous distribuons tous les types de c\u00e2bles \u00e0 fibres optiques et d&rsquo;infrastructures \u00e0 fibres optiques de haute qualit\u00e9. Nous fournissons \u00e9galement des conseils professionnels et exp\u00e9riment\u00e9s sur le meilleur type de c\u00e2ble ou d&rsquo;infrastructure \u00e0 fibre optique pour chaque situation sp\u00e9cifique. Ainsi, vous construisez \u00e0 chaque fois une infrastructure de c\u00e2bles stable et fiable.<br \/>Gr\u00e2ce \u00e0 la coop\u00e9ration avec des partenaires r\u00e9put\u00e9s, nous proposons \u00e0 nos clients des solutions compl\u00e8tes, tant pour les r\u00e9seaux c\u00e2bl\u00e9s que pour tous les services connexes.<br \/>Wirewave connecte les gens avec les bonnes solutions. Et toujours juste \u00e0 temps.       <\/p>\n\t\t\t\t<img loading=\"lazy\" decoding=\"async\" src=\"https:\/\/wirewave.be\/wp-content\/uploads\/2024\/12\/Foto-Kerst-2024-scaled.jpg\" alt=\"Foto Kerst 2024\" itemprop=\"image\" height=\"1710\" width=\"2560\" title=\"Foto Kerst 2024\" onerror=\"this.style.display='none'\"  \/>\n\t<iframe loading=\"lazy\" width=\"560\" height=\"315\" src=\"https:\/\/www.youtube-nocookie.com\/embed\/0QPlD7_DeMI?si=kHTlQxy9T3PvWa6U\" title=\"YouTube video player\" frameborder=\"0\" allow=\"accelerometer; autoplay; clipboard-write; encrypted-media; gyroscope; picture-in-picture; web-share\" allowfullscreen><\/iframe>\n\t\t\t\t<img decoding=\"async\" src=\"https:\/\/wirewave.be\/wp-content\/uploads\/2024\/01\/Wirewave-21.png\" alt=\"Foto Greet Adams, Wirewave\" title=\"Greet Adams, Wirewave\" itemprop=\"image\"\/>\n\t\t\t<h3>Greet Adams<\/h3>\t\t\t\n\t\t\t\t<p>Directeur financier, sp\u00e9cialis\u00e9 dans l&rsquo;administration, les finances, la comptabilit\u00e9 et les ressources humaines.<\/p>\n<p><strong>Quelques faits sur Greet<\/strong><\/p>\n<p>Greet est mari\u00e9e \u00e0 Kurt et ensemble ils ont deux enfants, Julie (2001) et Lukas (2003). En 2016, ils ont fond\u00e9 ensemble Wirewave. <\/p>\n<p>Pendant son temps libre, elle aime voyager dans le monde entier. Greet ne dit jamais non \u00e0 un voyage en ville. Elle joue \u00e9galement au tennis et au padel et aime d\u00e9couvrir de nouveaux endroits \u00e0 pied, que ce soit pr\u00e8s de chez elle ou ailleurs dans le monde. Elle appr\u00e9cie \u00e9galement un bon verre de vin et un d\u00eener agr\u00e9able entre amis ou en famille.   <\/p>\n<p>En dehors des heures de travail, Greet est \u00e9galement active dans le secteur social. En tant que vice-pr\u00e9sidente, elle s&rsquo;engage avec amour et attention pour l&rsquo;asbl T&rsquo;ANTWOORD \u00e0 Turnhout, une organisation qui soutient les personnes en situation de pauvret\u00e9 et souvent exclues socialement. <\/p>\n<p>Vous pouvez contacter Greet \u00e0 l&rsquo;adresse <a href=\"mailto:greet@wirewave.be\">greet@wirewave.be.<\/a><\/p>\n\t\t\t\t<img decoding=\"async\" src=\"https:\/\/wirewave.be\/wp-content\/uploads\/2024\/01\/Wirewave-25.png\" alt=\"Foto Kurt Pleysier, Wirewave\" title=\"Kurt Pleysier, Wirewave\" itemprop=\"image\"\/>\n\t\t\t<h3>Kurt Pleysier<\/h3>\t\t\t\n\t\t\t\t<p>PDG, direction g\u00e9n\u00e9rale avec un accent particulier sur les ventes et le marketing<\/p>\n<p><strong>Quelques faits sur Kurt<\/strong><\/p>\n<p>Kurt aime faire du v\u00e9lo de montagne avec ses amis. La randonn\u00e9e et la marche sont \u00e9galement des activit\u00e9s physiques tr\u00e8s appr\u00e9ci\u00e9es.<\/p>\n<p>Un bon repas en famille ou avec des amis est id\u00e9al pour se d\u00e9tendre et, pendant les mois d&rsquo;\u00e9t\u00e9, vous pouvez r\u00e9guli\u00e8rement trouver Kurt sur une prairie de festival.<\/p>\n<p>Vous pouvez contacter Kurt \u00e0 l&rsquo;adresse suivante : <a href=\"mailto:kurt@wirewave.be\">kurt@wirewave.be<\/a><\/p>\n\t\t\t\t<img decoding=\"async\" src=\"https:\/\/wirewave.be\/wp-content\/uploads\/2024\/01\/Wirewave-9.png\" alt=\"Foto Andert Verwaede, Wirewave\" title=\"Andert Verwaerde, Wirewave\" itemprop=\"image\"\/>\n\t\t\t<h3>Andert Verwaerde<\/h3>\t\t\t\n\t\t\t\t<p>Repr\u00e9sentant technico-commercial<\/p>\n<p><strong>Quelques faits sur Andert<\/strong><\/p>\n<p>Andert est actif dans le secteur de la fibre optique depuis plus de vingt-sept ans. Il sait mieux que quiconque qu&rsquo;il est important de traiter les clients et les partenaires avec respect. <\/p>\n<p>Il vit \u00e0 Lier avec sa femme Cindy et son fils Vincent. Pendant son temps libre, Andert aime voyager \u00e0 travers le monde. Une activit\u00e9 qu&rsquo;il peut combiner avec un autre hobby : la photographie.  <\/p>\n<p>Pour Andert, une journ\u00e9e parfaite commence par un bon petit-d\u00e9jeuner dans un endroit magnifique. Elle est suivie d&rsquo;une longue promenade relaxante, qui se termine par un bon verre de vin. <\/p>\n<p>Vous pouvez contacter Andert \u00e0 l&rsquo;adresse suivante : <a href=\"mailto:andert@wirewave.be\">andert@wirewave.be<\/a><\/p>\n\t\t\t\t<img decoding=\"async\" src=\"https:\/\/wirewave.be\/wp-content\/uploads\/2024\/01\/Wirewave-17.png\" alt=\"Foto Gert Bosmans, Wirewave\" title=\"Gert Bosmans, Wirewave\" itemprop=\"image\"\/>\n\t\t\t<h3>Gert Bosmans<\/h3>\t\t\t\n\t\t\t\t<p>Achats et logistique<\/p>\n<p><strong>Quelques faits sur Gert<\/strong><\/p>\n<p>Gert fait partie de l&rsquo;\u00e9quipe de Wirewave depuis 2019. Il organise l&rsquo;entrep\u00f4t et veille \u00e0 ce que les livraisons soient livr\u00e9es aux clients juste \u00e0 temps. Gert est le point de contact pour toutes vos questions logistiques.  <\/p>\n<p>Il est mari\u00e9 \u00e0 Nadia et ensemble ils ont deux fils, Thomas (1999) et Jens (2002). Gert est un passionn\u00e9 de sport que l&rsquo;on retrouve r\u00e9guli\u00e8rement sur un court de tennis et dans une cage de padel. <\/p>\n<p>Vous pouvez contacter Gert \u00e0 l&rsquo;adresse suivante : <a href=\"mailto:gert@wirewave.be\">gert@wirewave.be<\/a><\/p>\n\t\t\t\t<img decoding=\"async\" src=\"https:\/\/wirewave.be\/wp-content\/uploads\/2024\/01\/Wirewave-13.png\" alt=\"Foto Kevin Neuts, Wirewave\" title=\"Kevin Neuts, Wirewave\" itemprop=\"image\"\/>\n\t\t\t<h3>Kevin Neuts<\/h3>\t\t\t\n\t\t\t\t<p>Op\u00e9rateur d&rsquo;entrep\u00f4t<\/p>\n<p><strong>Quelques faits sur Kevin<\/strong><\/p>\n<p>Kevin a rejoint Wirewave en 2023. Il aide Gert \u00e0 organiser l&rsquo;entrep\u00f4t et s&rsquo;occupe des livraisons aux clients. Il est \u00e9galement l&rsquo;animateur de l&rsquo;\u00e9quipe.  <\/p>\n<p>Il vit \u00e0 Merksplas, o\u00f9 il pratique assid\u00fbment la gymnastique. Kevin aime \u00e9galement sortir avec des amis et appr\u00e9cie un bon verre de vin et de la bonne nourriture. Sa devise est la suivante : ne pas se cacher de la vie, mais apprendre \u00e0 danser sous la pluie.  <\/p>\n<p>Vous pouvez contacter Kevin \u00e0 l&rsquo;adresse suivante : <a href=\"mailto:kevin@wirewave.be\">kevin@wirewave.be<\/a><\/p>\n\t\t\t\t<img decoding=\"async\" src=\"https:\/\/wirewave.be\/wp-content\/uploads\/2024\/09\/Wirewave-119-scaled.jpg\" alt=\"Foto Joppe Dictus, Wirewave\" title=\"Joppe Dictus, Wirewave\" itemprop=\"image\"\/>\n\t\t\t<h3>Joppe Dictus<\/h3>\t\t\t\n\t\t\t\t<p>Soutien aux ventes internes<\/p>\n<p><strong>Quelques faits sur Joppe<\/strong><\/p>\n<p>Joppe fait partie de l&rsquo;\u00e9quipe Wirewave depuis 2024.<br \/>Il soutient les repr\u00e9sentants lorsqu&rsquo;ils sont sur le terrain et s&rsquo;assure que toutes vos commandes et tous vos devis sont trait\u00e9s correctement.<\/p>\n<p>Passionn\u00e9 de cin\u00e9ma, de films et de s\u00e9ries, il aime aussi regarder la Formule 1 le dimanche, o\u00f9 il soutient McLaren.<br \/>Si vous ne le trouvez pas derri\u00e8re une t\u00e9l\u00e9vision, vous le trouverez \u00e0 table, car il est toujours disponible pour un bon repas.<\/p>\n<p>Vous pouvez contacter Joppe \u00e0 l&rsquo;adresse suivante : <a href=\"mailto:joppe@wirewave.be\">joppe@wirewave.be<\/a><\/p>\n\t\t\t\t<img decoding=\"async\" src=\"https:\/\/wirewave.be\/wp-content\/uploads\/2024\/09\/Wirewave-131-scaled.jpg\" alt=\"Foto Olivier Lep\u00e8re, Wirewave\" title=\"Olivier Lep\u00e8re, Wirewave\" itemprop=\"image\"\/>\n\t\t\t<h3>Olivier Lep\u00e8re<\/h3>\t\t\t\n\t\t\t\t<p>Repr\u00e9sentant commercial<\/p>\n<p><strong>Quelques faits sur Olivier<\/strong><\/p>\n<p>Olivier travaille dans le domaine telecom depuis 2003, du suivi de pose de gaines, soufflage de c\u00e2bles, pour s&rsquo;orienter par la suite dans la partie exploitation du r\u00e9seau, raccordements clients, \u00e9tude de boucles s\u00e9curis\u00e9es, remplacement de pops actifs, maintenance 24\/7.<\/p>\n<p>Il vit dans la commune de Gembloux, a 3 filles, appr\u00e9cie certainement plus la nature que la ville. Olivier aime \u00eatre occup\u00e9, que ce soit dans des associations, travailler en extra dans le domaine agricole, en \u00e9lectricit\u00e9 ou tout simplement bricoler \u00e0 la maison. <\/p>\n<p>Le voyage en motorhome est devenu un moyen de pouvoir prendre du temps pour soi, en autonomie \u00e0 la d\u00e9couverte d&rsquo;endroits souvent impr\u00e9vus et atypiques.<\/p>\n<p>Il appr\u00e9cie \u00e9galement les journ\u00e9es avec les amis, la course \u00e0 pied (depuis peu ), le VTT, la d\u00e9gustation de bons produits locaux.<\/p>\n<p>Vous pouvez contacter Olivier \u00e0 l&rsquo;adresse suivante : olivier@wirewave.be <\/p>\n\t\t\t\t<img decoding=\"async\" src=\"https:\/\/wirewave.be\/wp-content\/uploads\/2025\/02\/Wirewave-4-scaled.jpg\" alt=\"Wirewave-4\" title=\"Wirewave-4\" itemprop=\"image\"\/>\n\t\t\t<h3>Davy De Bruyne<\/h3>\t\t\t\n\t\t\t\t<p>Repr\u00e9sentant commercial<\/p>\n<p><strong>Quelques faits sur Davy<\/strong><\/p>\n<p>Davy fait partie de l&rsquo;\u00e9quipe Wirewave depuis novembre 2024. Avec plus de 10 ans d&rsquo;exp\u00e9rience dans la vente d&rsquo;instruments de test et de mesure (LAN), son r\u00e9seau correspond \u00e0 notre activit\u00e9.<\/p>\n<p>Il vit \u00e0 Oelegem avec sa petite amie Liesbeth, sa fille Ella (2016) et son fils Lyo (2020). Davy est un footballeur passionn\u00e9 et, entre-temps, il fait de la course \u00e0 pied, du footgolf, du crossfit, &#8230;<\/p>\n<p>Lorsqu&rsquo;il ne fait pas de sport, vous pouvez le trouver autour de voitures de sport exclusives. Il aime le son, l&rsquo;apparence et certainement les sensations de conduite de ces voitures.<\/p>\n<p>On le trouve aussi toujours autour d&rsquo;un verre apr\u00e8s le travail, d&rsquo;une collation et parfois d&rsquo;une danse.<\/p>\n<p>Bref, c&rsquo;est un bon vivant sportif !<\/p>\n<p>Vous pouvez contacter Davy \u00e0 l&rsquo;adresse suivante : <a href=\"mailto:Davy@wirewave.be\">Davy@wirewave.be<\/a><\/p>\n\n","protected":false},"excerpt":{"rendered":"<p>A propos de nous La garantie du juste-\u00e0-temps Qui sommes-nous ? Wirewave est une entreprise dynamique et agile fond\u00e9e en [&hellip;]<\/p>\n","protected":false},"author":9,"featured_media":0,"parent":0,"menu_order":0,"comment_status":"closed","ping_status":"closed","template":"","meta":{"site-sidebar-layout":"default","site-content-layout":"","ast-site-content-layout":"full-width-container","site-content-style":"default","site-sidebar-style":"default","ast-global-header-display":"","ast-banner-title-visibility":"","ast-main-header-display":"","ast-hfb-above-header-display":"","ast-hfb-below-header-display":"","ast-hfb-mobile-header-display":"","site-post-title":"disabled","ast-breadcrumbs-content":"","ast-featured-img":"","footer-sml-layout":"","ast-disable-related-posts":"","theme-transparent-header-meta":"","adv-header-id-meta":"","stick-header-meta":"","header-above-stick-meta":"","header-main-stick-meta":"","header-below-stick-meta":"","astra-migrate-meta-layouts":"default","ast-page-background-enabled":"default","ast-page-background-meta":{"desktop":{"background-color":"var(--ast-global-color-4)","background-image":"","background-repeat":"repeat","background-position":"center center","background-size":"auto","background-attachment":"scroll","background-type":"","background-media":"","overlay-type":"","overlay-color":"","overlay-opacity":"","overlay-gradient":""},"tablet":{"background-color":"","background-image":"","background-repeat":"repeat","background-position":"center center","background-size":"auto","background-attachment":"scroll","background-type":"","background-media":"","overlay-type":"","overlay-color":"","overlay-opacity":"","overlay-gradient":""},"mobile":{"background-color":"","background-image":"","background-repeat":"repeat","background-position":"center center","background-size":"auto","background-attachment":"scroll","background-type":"","background-media":"","overlay-type":"","overlay-color":"","overlay-opacity":"","overlay-gradient":""}},"ast-content-background-meta":{"desktop":{"background-color":"var(--ast-global-color-5)","background-image":"","background-repeat":"repeat","background-position":"center center","background-size":"auto","background-attachment":"scroll","background-type":"","background-media":"","overlay-type":"","overlay-color":"","overlay-opacity":"","overlay-gradient":""},"tablet":{"background-color":"var(--ast-global-color-5)","background-image":"","background-repeat":"repeat","background-position":"center center","background-size":"auto","background-attachment":"scroll","background-type":"","background-media":"","overlay-type":"","overlay-color":"","overlay-opacity":"","overlay-gradient":""},"mobile":{"background-color":"var(--ast-global-color-5)","background-image":"","background-repeat":"repeat","background-position":"center center","background-size":"auto","background-attachment":"scroll","background-type":"","background-media":"","overlay-type":"","overlay-color":"","overlay-opacity":"","overlay-gradient":""}},"iawp_total_views":186,"footnotes":""},"class_list":["post-981","page","type-page","status-publish","hentry"],"_links":{"self":[{"href":"https:\/\/wirewave.be\/fr\/wp-json\/wp\/v2\/pages\/981","targetHints":{"allow":["GET"]}}],"collection":[{"href":"https:\/\/wirewave.be\/fr\/wp-json\/wp\/v2\/pages"}],"about":[{"href":"https:\/\/wirewave.be\/fr\/wp-json\/wp\/v2\/types\/page"}],"author":[{"embeddable":true,"href":"https:\/\/wirewave.be\/fr\/wp-json\/wp\/v2\/users\/9"}],"replies":[{"embeddable":true,"href":"https:\/\/wirewave.be\/fr\/wp-json\/wp\/v2\/comments?post=981"}],"version-history":[{"count":5,"href":"https:\/\/wirewave.be\/fr\/wp-json\/wp\/v2\/pages\/981\/revisions"}],"predecessor-version":[{"id":1867,"href":"https:\/\/wirewave.be\/fr\/wp-json\/wp\/v2\/pages\/981\/revisions\/1867"}],"wp:attachment":[{"href":"https:\/\/wirewave.be\/fr\/wp-json\/wp\/v2\/media?parent=981"}],"curies":[{"name":"wp","href":"https:\/\/api.w.org\/{rel}","templated":true}]}}