{"id":2204,"date":"2026-02-07T10:54:44","date_gmt":"2026-02-07T10:54:44","guid":{"rendered":"https:\/\/wirewave.be\/partenaires\/stl-en-wirewave-toujours-connectes\/"},"modified":"2026-03-05T10:45:08","modified_gmt":"2026-03-05T10:45:08","slug":"stl-et-wirewave-toujours-connectes","status":"publish","type":"page","link":"https:\/\/wirewave.be\/fr\/partenaires\/stl-et-wirewave-toujours-connectes\/","title":{"rendered":"STL et Wirewave : toujours connect\u00e9s"},"content":{"rendered":"\n\n\t\t\t\t<img decoding=\"async\" src=\"https:\/\/wirewave.be\/wp-content\/uploads\/2025\/07\/wirewave-partner-logo-STL-001.jpg\" alt=\"\" itemprop=\"image\" onerror=\"this.style.display='none'\"  \/>\n\t<h2>\n\t\t\t\t\u00c0 propos de STL\n\t\t\t<\/h2>\n\t\t\t<p>STL (Sterlite Technologies Limited) est un leader mondial dans le domaine des solutions de r\u00e9seau de donn\u00e9es de bout en bout. Pr\u00e9sente dans plus de cent pays et disposant de sites de production en Inde, en Italie, en Chine et au Br\u00e9sil, l&rsquo;entreprise con\u00e7oit et soutient la construction de r\u00e9seaux fibre optique et sans fil pour les op\u00e9rateurs t\u00e9l\u00e9com, les fournisseurs de services cloud, les entreprises et les r\u00e9seaux civiques. L&rsquo;entreprise produit une infrastructure fibre optique compl\u00e8te : des pr\u00e9formes optiques et fibres optiques nues jusqu&rsquo;aux c\u00e2bles, connecteurs et logiciels r\u00e9seau.   STL est \u00e9galement un pionnier dans la conception de r\u00e9seaux hyperscale, les solutions 5G, les FTTx et les infrastructures de centres de donn\u00e9es. <\/p>\n\t<iframe loading=\"lazy\" width=\"560\" height=\"315\" src=\"https:\/\/www.youtube.com\/embed\/W-oa62Qqi64?si=SYcy2r-dJx9o9T90\" title=\"YouTube video player\" frameborder=\"0\" allow=\"accelerometer; autoplay; clipboard-write; encrypted-media; gyroscope; picture-in-picture; web-share\" referrerpolicy=\"strict-origin-when-cross-origin\" allowfullscreen><\/iframe>\n<h2>\n\t\tQu&rsquo;est-ce qui rend STL unique\u2009?\n\t<\/h2>\n\t\u2714\ufe0f <strong>Capacit\u00e9 de production mondiale<\/strong> r\u00e9partie sur quatre continents<br \/>\n\u2714\ufe0f <strong>Livraison de volumes tr\u00e8s importants dans des d\u00e9lais exceptionnellement<\/strong> courts<br \/>\n\u2714\ufe0f<strong> Int\u00e9gration verticale compl\u00e8te :<\/strong> pr\u00e9formes, fibres et production de c\u00e2bles<br \/>\n\u2714\ufe0f <strong>Pr\u00e9curseur dans la technologie des fibres multic\u0153urs<\/strong><br \/>\n\u2714\ufe0f <strong>Solutions r\u00e9seau de bout en bout :<\/strong> des c\u00e2bles jusqu&rsquo;aux logiciels<br \/>\n\u2714\ufe0f<strong> Plus de 270 brevets et des centres de R&amp;D de pointe<\/strong><br \/>\n\u2714\ufe0f <strong>Solutions adapt\u00e9es \u00e0 la 5G, au FTTx, aux centres de donn\u00e9es et aux r\u00e9seaux industriels<\/strong><br \/>\n\u2714\ufe0f <strong>Partenaire des plus grandes entreprises de t\u00e9l\u00e9com et cloud au monde <\/strong>\n\t<h3>\n\t\t\t\tSouhaitez-vous d\u00e9couvrir ce que cela signifie concr\u00e8tement pour votre projet ou votre organisation ?\n\t\t\t<\/h3>\n\t\t\t<p>R\u00e9servez une br\u00e8ve r\u00e9union d&rsquo;introduction en ligne avec l&rsquo;un de nos experts : <\/p>\t\n\t\t\t\t<img loading=\"lazy\" decoding=\"async\" src=\"https:\/\/wirewave.be\/wp-content\/uploads\/2025\/06\/Wirewve-team-Olivier.png\" alt=\"Olivier\" itemprop=\"image\" height=\"1024\" width=\"1024\" title=\"Wirewve-team-Olivier\" onerror=\"this.style.display='none'\"  \/>\n\t<p><strong>Olivier <\/strong>&#8211; votre interlocuteur privil\u00e9gi\u00e9 pour les solutions <strong>fibre optique<\/strong><\/p>\n\t\t\t<a href=\"https:\/\/outlook.office.com\/owa\/calendar\/MeetingOlivier@wirewave.be\/bookings\/\" title=\"Planifiez votre r\u00e9union avec Olivier\" target=\"_self\"   role=\"button\" aria-label=\"Planifiez votre r\u00e9union avec Olivier\">\n\t\t\t\t\t\t\tPlanifiez votre r\u00e9union avec Olivier\n\t\t<\/a>\n<h2>\n\t\tQuelle est la force de ce partenariat ?\n\t<\/h2>\n\t<p>Chez Wirewave, nous s\u00e9lectionnons uniquement des partenaires qui comptent parmi les meilleurs au monde, tant sur le plan technologique qu&rsquo;op\u00e9rationnel et strat\u00e9gique. STL combine pr\u00e9cis\u00e9ment ces trois \u00e9l\u00e9ments. Pour tout projet n\u00e9cessitant rapidit\u00e9, \u00e9volutivit\u00e9 et technologie de pointe, le partenariat entre STL et Wirewave constitue une v\u00e9ritable valeur ajout\u00e9e.  <\/p>\n<p>Gr\u00e2ce \u00e0 cette collaboration, nos clients en Belgique b\u00e9n\u00e9ficient :<\/p>\n<ul>\n<li>D&rsquo;un acc\u00e8s aux derni\u00e8res <strong>innovations <\/strong>en fibre optique<\/li>\n<li>De<strong> la disponibilit\u00e9 <\/strong>de <strong>volumes importants<\/strong> dans des d\u00e9lais courts<\/li>\n<li><strong>De solutions <\/strong>pr\u00eates pour la 5G, les centres de donn\u00e9es et les r\u00e9seaux haute performance<\/li>\n<li><strong>D&rsquo;un interlocuteur unique<\/strong> chez Wirewave, soutenu par la puissance mondiale de STL<\/li>\n<li>De la <strong>garantie <\/strong>d&rsquo;une qualit\u00e9 sup\u00e9rieure gr\u00e2ce \u00e0 une production enti\u00e8rement g\u00e9r\u00e9e en interne<\/li>\n<\/ul>\n\t\t\t\t<img decoding=\"async\" src=\"https:\/\/wirewave.be\/wp-content\/uploads\/2026\/03\/Ivy-Charan-STL-Wirewave-partner.jpg\" alt=\"Ivy-Charan-STL-Wirewave-partner\" title=\"Ivy-Charan-STL-Wirewave-partner\" itemprop=\"image\"\/>\n\t\t\t\t\t\t\t<h3 class='uabb-testimonial-author-name testimonial-author-name'>Ivy Charan<\/h3>\t\t\t\t\t\t\t\n\t\t\t\t\t\t\t\tSales Manager Benelux &amp; Nordics STL\t\t\t\t\t\t\t\n\t\t\t\t\t\t<p>\u00ab\u00a0Nous offrons \u00e0 nos clients l&rsquo;acc\u00e8s \u00e0 une capacit\u00e9 de production in\u00e9dite, aux derni\u00e8res technologies en mati\u00e8re de fibre optique et \u00e0 une livraison fiable \u00e0 l&rsquo;\u00e9chelle mondiale. Wirewave est pour nous un interm\u00e9diaire tr\u00e8s fiable pour nos clients en Belgique. Gr\u00e2ce \u00e0 cette collaboration, nous pouvons r\u00e9aliser des projets globaux en Belgique. \u00ab\u00a0<\/p>\t\t\t\t\t\n\t\t\t<a href=\"https:\/\/stl.tech\/\" title=\"D\u00e9couvrez-en davantage sur leur site web\" target=\"_self\"   role=\"button\" aria-label=\"D\u00e9couvrez-en davantage sur leur site web\">\n\t\t\t\t\t\t\tD\u00e9couvrez-en davantage sur leur site web\n\t\t<\/a>\n\n","protected":false},"excerpt":{"rendered":"<p>\u00c0 propos de STL STL (Sterlite Technologies Limited) est un leader mondial dans le domaine des solutions de r\u00e9seau de [&hellip;]<\/p>\n","protected":false},"author":5,"featured_media":0,"parent":973,"menu_order":0,"comment_status":"closed","ping_status":"closed","template":"","meta":{"site-sidebar-layout":"default","site-content-layout":"","ast-site-content-layout":"default","site-content-style":"default","site-sidebar-style":"default","ast-global-header-display":"","ast-banner-title-visibility":"","ast-main-header-display":"","ast-hfb-above-header-display":"","ast-hfb-below-header-display":"","ast-hfb-mobile-header-display":"","site-post-title":"disabled","ast-breadcrumbs-content":"","ast-featured-img":"","footer-sml-layout":"","ast-disable-related-posts":"","theme-transparent-header-meta":"","adv-header-id-meta":"","stick-header-meta":"","header-above-stick-meta":"","header-main-stick-meta":"","header-below-stick-meta":"","astra-migrate-meta-layouts":"default","ast-page-background-enabled":"default","ast-page-background-meta":{"desktop":{"background-color":"var(--ast-global-color-4)","background-image":"","background-repeat":"repeat","background-position":"center center","background-size":"auto","background-attachment":"scroll","background-type":"","background-media":"","overlay-type":"","overlay-color":"","overlay-opacity":"","overlay-gradient":""},"tablet":{"background-color":"","background-image":"","background-repeat":"repeat","background-position":"center center","background-size":"auto","background-attachment":"scroll","background-type":"","background-media":"","overlay-type":"","overlay-color":"","overlay-opacity":"","overlay-gradient":""},"mobile":{"background-color":"","background-image":"","background-repeat":"repeat","background-position":"center center","background-size":"auto","background-attachment":"scroll","background-type":"","background-media":"","overlay-type":"","overlay-color":"","overlay-opacity":"","overlay-gradient":""}},"ast-content-background-meta":{"desktop":{"background-color":"var(--ast-global-color-5)","background-image":"","background-repeat":"repeat","background-position":"center center","background-size":"auto","background-attachment":"scroll","background-type":"","background-media":"","overlay-type":"","overlay-color":"","overlay-opacity":"","overlay-gradient":""},"tablet":{"background-color":"var(--ast-global-color-5)","background-image":"","background-repeat":"repeat","background-position":"center center","background-size":"auto","background-attachment":"scroll","background-type":"","background-media":"","overlay-type":"","overlay-color":"","overlay-opacity":"","overlay-gradient":""},"mobile":{"background-color":"var(--ast-global-color-5)","background-image":"","background-repeat":"repeat","background-position":"center center","background-size":"auto","background-attachment":"scroll","background-type":"","background-media":"","overlay-type":"","overlay-color":"","overlay-opacity":"","overlay-gradient":""}},"iawp_total_views":7,"footnotes":""},"class_list":["post-2204","page","type-page","status-publish","hentry"],"_links":{"self":[{"href":"https:\/\/wirewave.be\/fr\/wp-json\/wp\/v2\/pages\/2204","targetHints":{"allow":["GET"]}}],"collection":[{"href":"https:\/\/wirewave.be\/fr\/wp-json\/wp\/v2\/pages"}],"about":[{"href":"https:\/\/wirewave.be\/fr\/wp-json\/wp\/v2\/types\/page"}],"author":[{"embeddable":true,"href":"https:\/\/wirewave.be\/fr\/wp-json\/wp\/v2\/users\/5"}],"replies":[{"embeddable":true,"href":"https:\/\/wirewave.be\/fr\/wp-json\/wp\/v2\/comments?post=2204"}],"version-history":[{"count":5,"href":"https:\/\/wirewave.be\/fr\/wp-json\/wp\/v2\/pages\/2204\/revisions"}],"predecessor-version":[{"id":2297,"href":"https:\/\/wirewave.be\/fr\/wp-json\/wp\/v2\/pages\/2204\/revisions\/2297"}],"up":[{"embeddable":true,"href":"https:\/\/wirewave.be\/fr\/wp-json\/wp\/v2\/pages\/973"}],"wp:attachment":[{"href":"https:\/\/wirewave.be\/fr\/wp-json\/wp\/v2\/media?parent=2204"}],"curies":[{"name":"wp","href":"https:\/\/api.w.org\/{rel}","templated":true}]}}