{"id":1387,"date":"2025-02-07T14:46:09","date_gmt":"2025-02-07T14:46:09","guid":{"rendered":"https:\/\/wirewave.be\/wirewave-is-your-flexible-and-agile-fibre-partner\/"},"modified":"2025-02-19T09:48:10","modified_gmt":"2025-02-19T09:48:10","slug":"wirewave-is-your-flexible-and-agile-fibre-partner","status":"publish","type":"page","link":"https:\/\/wirewave.be\/en\/wirewave-is-your-flexible-and-agile-fibre-partner\/","title":{"rendered":"Wirewave is your flexible and agile fibre partner"},"content":{"rendered":"\n<h1>\n\t\tWirewave is jouw flexibele en wendbare fiberpartner\n\t<\/h1>\n\t<p><strong>De logistieke sector kampt de jongste tijd met heel wat uitdagingen. Geopolitieke hindernissen, schommelende energieprijzen, verstoorde supply chains, materiaalschaarste en fileleed. Allemaal factoren die ervoor zorgen dat onvoorspelbaarheid en verandering stilaan een constante zijn in het professionele leven van een planner. Een flexibele en wendbare leverancier als partner is dan ook meer dan ooit een noodzaak.<\/strong><\/p>\nWirewave zorgt ervoor dat jouw <strong>glasvezelkabels<\/strong> en alle andere <strong>componenten<\/strong> en <strong>benodigdheden<\/strong> die je nodig hebt voor een <strong>glasvezelproject<\/strong> altijd op het <strong>juiste moment<\/strong> op de <strong>juiste locatie<\/strong> aanwezig zijn. Om hiervoor te zorgen, blijven we <strong>altijd geconnecteerd<\/strong>!<br \/>\nJe kan ons team makkelijk en snel bereiken. Wanneer je ons <strong>belt<\/strong>, hoef je geen nummertje te kiezen uit een eindeloze opsomming en neemt er ook geen callcenter-medewerker op. Nee, je krijgt een <strong>productspecialist<\/strong> uit eigen huis aan de lijn. Iemand die onze <strong>producten<\/strong> en <strong>diensten<\/strong> door en door kent en je snel de juiste informatie bezorgt. Ook wanneer je ons <strong>mailt<\/strong>, wordt je bericht onmiddellijk opgepikt. Hierdoor kunnen we steeds snel schakelen. Je ontvangt snel jouw offerte en kan dan probleemloos je bestelling plaatsen.\n\t\t<h3>Nood aan een flexibele en wendbare partner?<\/h3>\n\t\t<p>Contacteer ons en Stay Connected!<\/p>\n\t\t\t<a href=\"https:\/\/wirewave.be\/contact\/\" target=\"_self\">\n\t\t\t\t\t\tContacteer ons nu\n\t\t\t\t\t<\/a>\n<h2>\n\t\tRechtstreeks op de werf\n\t<\/h2>\n\t<p>Is het door jou gewenste product op stock, dan kan je het vaak <strong>enkele uren later<\/strong> al <strong>ophalen<\/strong>. Of opteren voor een <strong>spoedlevering<\/strong>, die dezelfde dag nog vertrekt naar de door jou gekozen locatie. Bestel je <strong>grote volumes<\/strong> afkomstig van dezelfde leverancier, dan laten we deze &#8211; dankzij onze uitstekende samenwerking met producenten uit heel Europa &#8211; <strong>rechtstreeks bij jouw bedrijf<\/strong> of <strong>op de werf<\/strong> leveren. Hierdoor win je tijd en het is gunstig voor de ecologische voetafdruk van je bedrijf.<\/p>\n<h2>\n\t\tJust in time\n\t<\/h2>\n\t<p>Bestel je bij meerdere producenten, dan trachten we jouw bestelling zoveel mogelijk te <strong>bundelen<\/strong>. Op die manier werken we <strong>effici\u00ebnter<\/strong> \u00e9n <strong>groener<\/strong>. We leveren waar mogelijk ook steeds met <strong>milieuvriendelijke voertuigen<\/strong>. Heb je jouw bestelling snel nodig, dan zorgen we daarvoor. Bestel je tijdig, maar heb je het materiaal pas later nodig? Dan plannen we &#8211; in samenspraak met jou &#8211; de levering <strong>just in time<\/strong>, rechtstreeks op de gevraagde locatie.<\/p>\n\t\t\t\t<img loading=\"lazy\" decoding=\"async\" src=\"https:\/\/wirewave.be\/wp-content\/uploads\/2025\/02\/Wirewave-flexible-en-agile-milieuvriendelijk-voertuig.jpg\" alt=\"Wirewave - millieuvriendelijk-voertuig\" itemprop=\"image\" height=\"628\" width=\"1200\" title=\"Wirewave-flexible-en-agile-milieuvriendelijk-voertuig\" onerror=\"this.style.display='none'\"  \/>\n<h2>\n\t\tFoutloos leveren zonder zorgen\n\t<\/h2>\n\t<p>Met behulp van diverse navigatietools kunnen we <strong>overal<\/strong> en <strong>altijd leveren<\/strong>. Door gebruik te maken van de co\u00f6rdinaten beschikbaar in Google Maps droppen we jouw pakket exact d\u00e1\u00e1r waar jouw medewerkers het materiaal nodig hebben. Heel handig wanneer je in een wijk of op een langer traject aan het werk bent. Je hoeft op het moment van de levering zelfs <strong>niet<\/strong> <strong>aanwezig te zijn<\/strong>. Onze chauffeurs zoeken een veilige plek voor de levering. Indien mogelijk binnen de werfafsluiting. Een foto met timestamp die datum, uur en locatie bevat vervangt in dat geval de afgetekende bestelbon.<\/p>\n<h2>\n\t\tSupport team\n\t<\/h2>\n\t<p>En is er &#8211; ondanks alle goede afspraken &#8211; toch een probleem met de levering? Neem dan zeker contact op met jouw <strong>contactpersoon<\/strong>. Is het euvel niet telefonisch te verhelpen, dan komt ons <strong>support team<\/strong> ter plaatse de situatie oplossen. Heb je na de levering een technische vraag of zoek je specifiek gereedschap om een kabel af te monteren? Maak dan ook even een afspraak, zodat we je snel verder kunnen helpen.<\/p>\n\t\t\t\t<img loading=\"lazy\" decoding=\"async\" src=\"https:\/\/wirewave.be\/wp-content\/uploads\/2025\/02\/Wirewave-flexible-en-agile-team-van-professionals.jpg\" alt=\"Wirewave - ons team professionals\" itemprop=\"image\" height=\"628\" width=\"1200\" title=\"Wirewave-flexible-en-agile-team-van-professionals\" onerror=\"this.style.display='none'\"  \/>\n\t\t<h3>Flexibele en wendbare partner nodig?<\/h3>\n\t\t<p>Ben je op zoek naar een <strong>flexibele<\/strong> en <strong>wendbare<\/strong> <strong>fiberpartner<\/strong> of wil je graag een <strong>just in time<\/strong> bestelling plaatsen? <strong>Aarzel dan niet om ons te contacteren<\/strong>.<\/p>\n\t\t\t<a href=\"https:\/\/wirewave.be\/contact\/\" target=\"_self\">\n\t\t\t\t\t\tNeem contact op\n\t\t\t\t\t<\/a>\n\n","protected":false},"excerpt":{"rendered":"<p>Wirewave is jouw flexibele en wendbare fiberpartner De logistieke sector kampt de jongste tijd met heel wat uitdagingen. Geopolitieke hindernissen, [&hellip;]<\/p>\n","protected":false},"author":5,"featured_media":0,"parent":0,"menu_order":0,"comment_status":"closed","ping_status":"closed","template":"","meta":{"site-sidebar-layout":"default","site-content-layout":"","ast-site-content-layout":"","site-content-style":"default","site-sidebar-style":"default","ast-global-header-display":"","ast-banner-title-visibility":"","ast-main-header-display":"","ast-hfb-above-header-display":"","ast-hfb-below-header-display":"","ast-hfb-mobile-header-display":"","site-post-title":"disabled","ast-breadcrumbs-content":"","ast-featured-img":"","footer-sml-layout":"","ast-disable-related-posts":"","theme-transparent-header-meta":"","adv-header-id-meta":"","stick-header-meta":"","header-above-stick-meta":"","header-main-stick-meta":"","header-below-stick-meta":"","astra-migrate-meta-layouts":"default","ast-page-background-enabled":"default","ast-page-background-meta":{"desktop":{"background-color":"var(--ast-global-color-4)","background-image":"","background-repeat":"repeat","background-position":"center center","background-size":"auto","background-attachment":"scroll","background-type":"","background-media":"","overlay-type":"","overlay-color":"","overlay-opacity":"","overlay-gradient":""},"tablet":{"background-color":"","background-image":"","background-repeat":"repeat","background-position":"center center","background-size":"auto","background-attachment":"scroll","background-type":"","background-media":"","overlay-type":"","overlay-color":"","overlay-opacity":"","overlay-gradient":""},"mobile":{"background-color":"","background-image":"","background-repeat":"repeat","background-position":"center center","background-size":"auto","background-attachment":"scroll","background-type":"","background-media":"","overlay-type":"","overlay-color":"","overlay-opacity":"","overlay-gradient":""}},"ast-content-background-meta":{"desktop":{"background-color":"var(--ast-global-color-5)","background-image":"","background-repeat":"repeat","background-position":"center center","background-size":"auto","background-attachment":"scroll","background-type":"","background-media":"","overlay-type":"","overlay-color":"","overlay-opacity":"","overlay-gradient":""},"tablet":{"background-color":"var(--ast-global-color-5)","background-image":"","background-repeat":"repeat","background-position":"center center","background-size":"auto","background-attachment":"scroll","background-type":"","background-media":"","overlay-type":"","overlay-color":"","overlay-opacity":"","overlay-gradient":""},"mobile":{"background-color":"var(--ast-global-color-5)","background-image":"","background-repeat":"repeat","background-position":"center center","background-size":"auto","background-attachment":"scroll","background-type":"","background-media":"","overlay-type":"","overlay-color":"","overlay-opacity":"","overlay-gradient":""}},"iawp_total_views":57,"footnotes":""},"class_list":["post-1387","page","type-page","status-publish","hentry"],"_links":{"self":[{"href":"https:\/\/wirewave.be\/en\/wp-json\/wp\/v2\/pages\/1387","targetHints":{"allow":["GET"]}}],"collection":[{"href":"https:\/\/wirewave.be\/en\/wp-json\/wp\/v2\/pages"}],"about":[{"href":"https:\/\/wirewave.be\/en\/wp-json\/wp\/v2\/types\/page"}],"author":[{"embeddable":true,"href":"https:\/\/wirewave.be\/en\/wp-json\/wp\/v2\/users\/5"}],"replies":[{"embeddable":true,"href":"https:\/\/wirewave.be\/en\/wp-json\/wp\/v2\/comments?post=1387"}],"version-history":[{"count":3,"href":"https:\/\/wirewave.be\/en\/wp-json\/wp\/v2\/pages\/1387\/revisions"}],"predecessor-version":[{"id":1407,"href":"https:\/\/wirewave.be\/en\/wp-json\/wp\/v2\/pages\/1387\/revisions\/1407"}],"wp:attachment":[{"href":"https:\/\/wirewave.be\/en\/wp-json\/wp\/v2\/media?parent=1387"}],"curies":[{"name":"wp","href":"https:\/\/api.w.org\/{rel}","templated":true}]}}